{"id":368,"date":"2021-06-09T15:56:49","date_gmt":"2021-06-09T15:56:49","guid":{"rendered":"https:\/\/irkb.de\/?page_id=368"},"modified":"2021-07-05T13:08:07","modified_gmt":"2021-07-05T13:08:07","slug":"messungen-vor-ort","status":"publish","type":"page","link":"https:\/\/irkb.de\/?page_id=368","title":{"rendered":"Messungen vor Ort"},"content":{"rendered":"\n<p>Um Messergebnisse aus Anlagen unter realen Betriebsbedingungen zu erhalten, werden von uns auch Messungen vor Ort durchgef\u00fchrt.<\/p>\n\n\n\n<p>Bei Bedarf werden diese Messsysteme f\u00fcr Langzeitmessungen mit kontinuierlicher Datenaufzeichnung ausgestattet.<\/p>\n\n\n\n<p>Wir haben Erfahrung in der Anwendung von unterschiedlichen mobilen Messsystemen im praktischen Einsatz an Gro\u00dfanlagen. Je nach Anforderung werden Durchfluss, Temperatur und Gasgehalt in Kan\u00e4len und Leitungen gemessen, aufgezeichnet und ausgewertet.<\/p>\n\n\n\n<p>Dar\u00fcber hinaus verf\u00fcgen wir \u00fcber Messtechniken zur Kraft- und Wegmessung an mechanischen Anlagenkomponenten.<\/p>\n\n\n\n<p>Die Messungen k\u00f6nnen meist ohne gr\u00f6\u00dfere Eingriffe und Ver\u00e4nderungen an vorhandenen Anlagenteilen vorgenommen werden &#8211; eine Unterbrechung des Anlagenbetriebes ist nur in den seltensten F\u00e4llen notwendig.<\/p>\n\n\n\n<p>Im folgenden ein Beispiel f\u00fcr den Ablauf einer Vor-Ort-Messung:<\/p>\n\n\n\n<ul><li>Besichtigung \/ Begehung der Anlage<\/li><li>Besprechung der Messaufgabe mit dem Kunden<\/li><li>Erstellung eines Pr\u00fcfplans und Terminabstimmung der beteiligten Mitarbeiter<\/li><li>Information \u00fcber den Verlauf und die Ergebnisse der Messungen<\/li><li>Aush\u00e4ndigung eines Abschlussbericht inklusive der aufgezeichneten Messdaten<\/li><\/ul>\n\n\n\n<div style=\"height:50px\" aria-hidden=\"true\" class=\"wp-block-spacer\"><\/div>\n\n\n\n<p>Die Kosten f\u00fcr eine Vor-Ort-Messung k\u00f6nnen durch den Umfang und die Dauer der Messungen sowie die Art der Aufbereitung der Messergebnisse durch den Kunden mitbestimmt werden.<\/p>\n\n\n\n<p>Fragen sie uns \u2013 wir erstellen Ihnen ein unverbindliches Angebot.&nbsp;<\/p>\n","protected":false},"excerpt":{"rendered":"<p>Um Messergebnisse aus Anlagen unter realen Betriebsbedingungen zu erhalten, werden von uns auch Messungen vor Ort durchgef\u00fchrt. Bei Bedarf werden diese Messsysteme f\u00fcr Langzeitmessungen mit kontinuierlicher Datenaufzeichnung ausgestattet. Wir haben Erfahrung in der Anwendung von unterschiedlichen mobilen Messsystemen im praktischen Einsatz an Gro\u00dfanlagen. Je nach Anforderung werden Durchfluss, Temperatur und Gasgehalt in Kan\u00e4len und Leitungen&hellip;&nbsp;<a href=\"https:\/\/irkb.de\/?page_id=368\" rel=\"bookmark\">Weiterlesen &raquo;<span class=\"screen-reader-text\">Messungen vor Ort<\/span><\/a><\/p>\n","protected":false},"author":1,"featured_media":0,"parent":0,"menu_order":0,"comment_status":"closed","ping_status":"closed","template":"","meta":{"neve_meta_sidebar":"","neve_meta_container":"","neve_meta_enable_content_width":"","neve_meta_content_width":0,"neve_meta_title_alignment":"","neve_meta_author_avatar":"","neve_post_elements_order":"","neve_meta_disable_header":"","neve_meta_disable_footer":"","neve_meta_disable_title":""},"_links":{"self":[{"href":"https:\/\/irkb.de\/index.php?rest_route=\/wp\/v2\/pages\/368"}],"collection":[{"href":"https:\/\/irkb.de\/index.php?rest_route=\/wp\/v2\/pages"}],"about":[{"href":"https:\/\/irkb.de\/index.php?rest_route=\/wp\/v2\/types\/page"}],"author":[{"embeddable":true,"href":"https:\/\/irkb.de\/index.php?rest_route=\/wp\/v2\/users\/1"}],"replies":[{"embeddable":true,"href":"https:\/\/irkb.de\/index.php?rest_route=%2Fwp%2Fv2%2Fcomments&post=368"}],"version-history":[{"count":5,"href":"https:\/\/irkb.de\/index.php?rest_route=\/wp\/v2\/pages\/368\/revisions"}],"predecessor-version":[{"id":577,"href":"https:\/\/irkb.de\/index.php?rest_route=\/wp\/v2\/pages\/368\/revisions\/577"}],"wp:attachment":[{"href":"https:\/\/irkb.de\/index.php?rest_route=%2Fwp%2Fv2%2Fmedia&parent=368"}],"curies":[{"name":"wp","href":"https:\/\/api.w.org\/{rel}","templated":true}]}}