{"id":367,"date":"2021-06-09T15:56:49","date_gmt":"2021-06-09T15:56:49","guid":{"rendered":"https:\/\/irkb.de\/?page_id=367"},"modified":"2023-01-17T13:43:19","modified_gmt":"2023-01-17T13:43:19","slug":"labormessungen","status":"publish","type":"page","link":"https:\/\/irkb.de\/?page_id=367","title":{"rendered":"Labormessungen"},"content":{"rendered":"\n<p>Wir f\u00fchren f\u00fcr Sie Messungen in unserem Str\u00f6mungslabor durch, um m\u00f6gliche Fragestellungen bereits im Vorfeld abzukl\u00e4ren.<\/p>\n\n\n\n<p>Modelluntersuchungen in unserem Str\u00f6mungslabor bieten den Vorteil, das str\u00f6mungstechnische Fragestellungen aus der Gro\u00dfanlage ohne eine Unterbrechung des Anlagenbetriebs gekl\u00e4rt werden k\u00f6nnen. Weiterhin k\u00f6nnen mit Hilfe der Modellversuche im Vorfeld einer Anlagenerstellung oder eines Anlagenumbaus verfahrenstechnische Auslegungsparameter \u00fcberpr\u00fcft und im Rahmen einer Pr\u00e4sentation dem Kunden anschaulich erkl\u00e4rt werden.<\/p>\n\n\n\n<p>Mit unserer umfangreichen Ausstattung und dem direkten Zugriff auf Werkstattkapazit\u00e4ten (angegliederter metallverarbeitender Betrieb) sowie der langj\u00e4hrigen Erfahrung in der Durchf\u00fchrung von Versuchen unter Laborbedingungen, k\u00f6nnen auch umfangreiche Versuche an Modellen in unserem Str\u00f6mungslabor durchgef\u00fchrt werden.<\/p>\n\n\n\n<p>Wir \u00fcbernehmen dabei die Umsetzung, Konstruktion und Fertigung des Modells entsprechend ihren Vorgaben, zum Beispiel anhand von Konstruktionszeichnungen der Gro\u00dfanlage. Dabei sind Ma\u00dfst\u00e4be von 1:1 bis 1:40 und Modellgr\u00f6\u00dfen bis zu 5 m m\u00f6glich. Um eine m\u00f6glichst kosteng\u00fcnstige L\u00f6sung zu erhalten, werden nur die wesentlichen Randbedingung der Gro\u00dfanlage im Modell nachgebildet.<\/p>\n\n\n\n<p>Nach Fertigstellung des Modells f\u00fchren wir Messreihen durch, um einen vorhandenen Str\u00f6mungsverlauf im Modell zu visualisieren \u2013 im Anschluss daran werden Optimierungen am Modell durch \u00c4nderung oder Erg\u00e4nzung von Einbauten durchgef\u00fchrt. Durch weitere Messungen wird dann eine Bewertung der vorgenommenen Optimierungen erm\u00f6glicht.<\/p>\n\n\n\n<div style=\"height:50px\" aria-hidden=\"true\" class=\"wp-block-spacer\"><\/div>\n\n\n\n<div class=\"is-layout-flex wp-container-5 wp-block-columns\">\n<div class=\"is-layout-flow wp-block-column\" style=\"flex-basis:100%\">\n<div class=\"is-layout-flex wp-container-3 wp-block-columns\">\n<div class=\"is-layout-flow wp-block-column\"><div class=\"wp-block-image\">\n<figure class=\"aligncenter size-large\"><img fetchpriority=\"high\" decoding=\"async\" width=\"358\" height=\"350\" src=\"https:\/\/irkb.de\/wp-content\/uploads\/2021\/07\/big_35805901_0_358-350.jpg\" alt=\"\" class=\"wp-image-561\" srcset=\"https:\/\/irkb.de\/wp-content\/uploads\/2021\/07\/big_35805901_0_358-350.jpg 358w, https:\/\/irkb.de\/wp-content\/uploads\/2021\/07\/big_35805901_0_358-350-300x293.jpg 300w\" sizes=\"(max-width: 358px) 100vw, 358px\" \/><\/figure><\/div><\/div>\n\n\n\n<div class=\"is-layout-flow wp-block-column is-vertically-aligned-center\">\n<p class=\"has-text-align-left\"><em>Hier sehen Sie ein Beispiel f\u00fcr ein optimiertes Modell. <\/em><\/p>\n\n\n\n<p class=\"has-text-align-left\"><em>Das obere Bild zeigt die Ursprungssituation und das untere Bild die optimierte Variante.<\/em><\/p>\n\n\n\n<p class=\"has-text-align-left\"><em>Die hohen Str\u00f6mungsgeschwindigkeiten (lila) wurden verringert und es wurde eine allgemein gleichm\u00e4\u00dfgere Str\u00f6mung erreicht.<br>Au\u00dferdem wurde die R\u00fcckstr\u00f6mung (schwarz) beseitigt.<\/em><\/p>\n<\/div>\n<\/div>\n<\/div>\n<\/div>\n\n\n\n<p>Alle Optimierungen und \u00c4nderungen am Modell werden in enger Zusammenarbeit und Absprache mit dem Kunden durchgef\u00fchrt, der Kunde wird \u00fcber den Stand der Entwicklung und die Ergebnisse der aktuellen Messungen laufend informiert.&nbsp;<\/p>\n\n\n\n<p>Abschlie\u00dfend k\u00f6nnen die Ergebnisse und erforderliche Optimierungsschritte in der Praxis unmittelbar verwendet werden.&nbsp;<\/p>\n","protected":false},"excerpt":{"rendered":"<p>Wir f\u00fchren f\u00fcr Sie Messungen in unserem Str\u00f6mungslabor durch, um m\u00f6gliche Fragestellungen bereits im Vorfeld abzukl\u00e4ren. Modelluntersuchungen in unserem Str\u00f6mungslabor bieten den Vorteil, das str\u00f6mungstechnische Fragestellungen aus der Gro\u00dfanlage ohne eine Unterbrechung des Anlagenbetriebs gekl\u00e4rt werden k\u00f6nnen. Weiterhin k\u00f6nnen mit Hilfe der Modellversuche im Vorfeld einer Anlagenerstellung oder eines Anlagenumbaus verfahrenstechnische Auslegungsparameter \u00fcberpr\u00fcft und im&hellip;&nbsp;<a href=\"https:\/\/irkb.de\/?page_id=367\" rel=\"bookmark\">Weiterlesen &raquo;<span class=\"screen-reader-text\">Labormessungen<\/span><\/a><\/p>\n","protected":false},"author":1,"featured_media":0,"parent":0,"menu_order":0,"comment_status":"closed","ping_status":"closed","template":"","meta":{"neve_meta_sidebar":"","neve_meta_container":"","neve_meta_enable_content_width":"","neve_meta_content_width":0,"neve_meta_title_alignment":"","neve_meta_author_avatar":"","neve_post_elements_order":"","neve_meta_disable_header":"","neve_meta_disable_footer":"","neve_meta_disable_title":""},"_links":{"self":[{"href":"https:\/\/irkb.de\/index.php?rest_route=\/wp\/v2\/pages\/367"}],"collection":[{"href":"https:\/\/irkb.de\/index.php?rest_route=\/wp\/v2\/pages"}],"about":[{"href":"https:\/\/irkb.de\/index.php?rest_route=\/wp\/v2\/types\/page"}],"author":[{"embeddable":true,"href":"https:\/\/irkb.de\/index.php?rest_route=\/wp\/v2\/users\/1"}],"replies":[{"embeddable":true,"href":"https:\/\/irkb.de\/index.php?rest_route=%2Fwp%2Fv2%2Fcomments&post=367"}],"version-history":[{"count":28,"href":"https:\/\/irkb.de\/index.php?rest_route=\/wp\/v2\/pages\/367\/revisions"}],"predecessor-version":[{"id":714,"href":"https:\/\/irkb.de\/index.php?rest_route=\/wp\/v2\/pages\/367\/revisions\/714"}],"wp:attachment":[{"href":"https:\/\/irkb.de\/index.php?rest_route=%2Fwp%2Fv2%2Fmedia&parent=367"}],"curies":[{"name":"wp","href":"https:\/\/api.w.org\/{rel}","templated":true}]}}