{"id":307,"date":"2020-01-13T11:17:52","date_gmt":"2020-01-13T11:17:52","guid":{"rendered":"https:\/\/demosites.io\/web-agency-gb\/?page_id=5"},"modified":"2023-01-17T21:47:31","modified_gmt":"2023-01-17T21:47:31","slug":"15c42-web-agency-gb-home","status":"publish","type":"page","link":"https:\/\/irkb.de\/","title":{"rendered":"Home"},"content":{"rendered":"\n<div class=\"wp-block-cover alignfull is-light\" style=\"min-height:700px\"><span aria-hidden=\"true\" class=\"wp-block-cover__background has-nv-site-bg-background-color has-background-dim\"><\/span><img fetchpriority=\"high\" decoding=\"async\" width=\"1920\" height=\"1196\" class=\"wp-block-cover__image-background wp-image-724\" alt=\"\" src=\"https:\/\/irkb.de\/wp-content\/uploads\/2023\/01\/Start_Bild.jpg\" data-object-fit=\"cover\" srcset=\"https:\/\/irkb.de\/wp-content\/uploads\/2023\/01\/Start_Bild.jpg 1920w, https:\/\/irkb.de\/wp-content\/uploads\/2023\/01\/Start_Bild-300x187.jpg 300w, https:\/\/irkb.de\/wp-content\/uploads\/2023\/01\/Start_Bild-1024x638.jpg 1024w, https:\/\/irkb.de\/wp-content\/uploads\/2023\/01\/Start_Bild-768x478.jpg 768w, https:\/\/irkb.de\/wp-content\/uploads\/2023\/01\/Start_Bild-1536x957.jpg 1536w\" sizes=\"(max-width: 1920px) 100vw, 1920px\" \/><div class=\"wp-block-cover__inner-container\">\n<div style=\"height:80px\" aria-hidden=\"true\" class=\"wp-block-spacer\"><\/div>\n\n\n\n<h1 class=\"has-text-align-center has-text-color\" style=\"color:#121212\">IRKB &#8211; Herzlich Willkommen<\/h1>\n\n\n\n<p class=\"has-text-align-center has-text-color\" style=\"color:#121212;font-size:17px\">L\u00f6sungsfindungen zu Aufgabenstellungen in den Bereichen&nbsp;<strong>Verfahrens- und Str\u00f6mungstechnik,<br><\/strong>haupts\u00e4chlich mit Anlagen und Komponenten aus der&nbsp;<strong>Energie- und Umwelttechnik.<\/strong><\/p>\n\n\n\n<div class=\"is-horizontal is-content-justification-center is-layout-flex wp-container-1 wp-block-buttons\">\n<div class=\"wp-block-button is-style-primary\"><a class=\"wp-block-button__link wp-element-button\" href=\"https:\/\/irkb.de\/?page_id=315\">Unsere Leistungen<\/a><\/div>\n\n\n\n<div class=\"wp-block-button is-style-secondary\"><a class=\"wp-block-button__link wp-element-button\" href=\"https:\/\/irkb.de\/?page_id=319\">Kontakt<\/a><\/div>\n<\/div>\n\n\n\n<div style=\"height:80px\" aria-hidden=\"true\" class=\"wp-block-spacer\"><\/div>\n\n\n\n<div style=\"height:80px\" aria-hidden=\"true\" class=\"wp-block-spacer\"><\/div>\n<\/div><\/div>\n\n\n\n<div style=\"height:80px\" aria-hidden=\"true\" class=\"wp-block-spacer\"><\/div>\n\n\n\n<div class=\"is-layout-flex wp-container-5 wp-block-columns\">\n<div class=\"is-layout-flow wp-block-column\"><div class=\"wp-block-image icon-style is-style-rounded\">\n<figure class=\"aligncenter size-large\"><img decoding=\"async\" src=\"https:\/\/irkb.de\/wp-content\/uploads\/2020\/01\/neve-webdesign-GB-03.png\" alt=\"\" class=\"wp-image-20\" title=\"\"\/><\/figure><\/div>\n\n\n<h3 class=\"has-text-align-center has-neve-text-color-color has-text-color\">Professionelle Unterst\u00fctzung<\/h3>\n\n\n\n<p class=\"has-text-align-center\">Dank jahrelanger Erfahrung k\u00f6nnen wir auf ein breites Wissen in der Forschung und Entwicklung zur\u00fcckgreifen, um Sie bei Ihren Projekten zu unterst\u00fctzen.<\/p>\n\n\n\n<div style=\"height:20px\" aria-hidden=\"true\" class=\"wp-block-spacer\"><\/div>\n<\/div>\n\n\n\n<div class=\"is-layout-flow wp-block-column\"><div class=\"wp-block-image icon-style is-style-rounded\">\n<figure class=\"aligncenter size-large\"><img decoding=\"async\" src=\"https:\/\/irkb.de\/wp-content\/uploads\/2020\/01\/neve-webdesign-GB-04.png\" alt=\"\" class=\"wp-image-21\"\/><\/figure><\/div>\n\n\n<h3 class=\"has-text-align-center has-neve-text-color-color has-text-color\">Modellversuche<\/h3>\n\n\n\n<p class=\"has-text-align-center\">Dank unseres Str\u00f6mungslabors k\u00f6nnen wir Sie bereits im Vorfeld bei Ihren Anliegen beraten, um anlagenspezifische Parameter zu \u00fcberpr\u00fcfen.<\/p>\n\n\n\n<div style=\"height:20px\" aria-hidden=\"true\" class=\"wp-block-spacer\"><\/div>\n<\/div>\n\n\n\n<div class=\"is-layout-flow wp-block-column\"><div class=\"wp-block-image icon-style is-style-rounded\">\n<figure class=\"aligncenter size-large\"><img decoding=\"async\" src=\"https:\/\/irkb.de\/wp-content\/uploads\/2020\/01\/neve-webdesign-GB-01.png\" alt=\"\" class=\"wp-image-18\"\/><\/figure><\/div>\n\n\n<h3 class=\"has-text-align-center has-neve-text-color-color has-text-color\">Verschiedene Komponenten<\/h3>\n\n\n\n<p class=\"has-text-align-center\">Wir untersuchen verschiedenste Komponenten wie Elektrofilter, Absorber, Katalysatoren, etc. im Hinblick auf verfahrens- und str\u00f6mungstechnische Fragestellungen.<\/p>\n\n\n\n<div style=\"height:20px\" aria-hidden=\"true\" class=\"wp-block-spacer\"><\/div>\n<\/div>\n<\/div>\n\n\n\n<div style=\"height:80px\" aria-hidden=\"true\" class=\"wp-block-spacer\"><\/div>\n\n\n\n<div class=\"wp-block-cover alignfull\" style=\"min-height:600px\"><span aria-hidden=\"true\" class=\"wp-block-cover__background has-nv-light-bg-background-color has-background-dim-100 has-background-dim\"><\/span><div class=\"wp-block-cover__inner-container\">\n<div class=\"is-layout-flow wp-block-group\"><div class=\"wp-block-group__inner-container\">\n<div style=\"height:80px\" aria-hidden=\"true\" class=\"wp-block-spacer\"><\/div>\n\n\n\n<div class=\"is-layout-flex wp-container-9 wp-block-columns are-vertically-aligned-center\">\n<div class=\"is-layout-flow wp-block-column is-vertically-aligned-center\" style=\"flex-basis:50%\">\n<figure class=\"wp-block-image size-full\"><img decoding=\"async\" width=\"600\" height=\"599\" src=\"https:\/\/irkb.de\/wp-content\/uploads\/2023\/01\/Plan.jpg\" alt=\"\" class=\"wp-image-732\" srcset=\"https:\/\/irkb.de\/wp-content\/uploads\/2023\/01\/Plan.jpg 600w, https:\/\/irkb.de\/wp-content\/uploads\/2023\/01\/Plan-300x300.jpg 300w, https:\/\/irkb.de\/wp-content\/uploads\/2023\/01\/Plan-150x150.jpg 150w\" sizes=\"(max-width: 600px) 100vw, 600px\" \/><\/figure>\n<\/div>\n\n\n\n<div class=\"is-layout-flow wp-block-column is-vertically-aligned-center\" style=\"flex-basis:50%\">\n<div style=\"height:20px\" aria-hidden=\"true\" class=\"wp-block-spacer\"><\/div>\n\n\n\n<h2 class=\"has-text-align-left has-neve-text-color-color has-text-color\">Individuelle Beratung<\/h2>\n\n\n\n<p class=\"has-text-align-left has-neve-text-color-color has-text-color\" style=\"font-size:17px\">Gerne beraten wir Sie bei verfahrens- und str\u00f6mungstechnischen Fragestellungen. In enger Zusammenarbeit erarbeiten wir mit Ihnen ad\u00e4quate L\u00f6sungen, um Ihr Vorhaben zielgerichtet umzusetzen.<\/p>\n\n\n\n<div class=\"is-horizontal is-content-justification-left is-layout-flex wp-container-7 wp-block-buttons\">\n<div class=\"wp-block-button is-style-primary\"><a class=\"wp-block-button__link wp-element-button\" href=\"https:\/\/irkb.de\/?page_id=316\">Mehr erfahren<\/a><\/div>\n<\/div>\n<\/div>\n<\/div>\n\n\n\n<div style=\"height:40px\" aria-hidden=\"true\" class=\"wp-block-spacer\"><\/div>\n<\/div><\/div>\n<\/div><\/div>\n\n\n\n<div class=\"wp-block-cover alignfull\" style=\"min-height:600px\"><span aria-hidden=\"true\" class=\"wp-block-cover__background has-nv-site-bg-background-color has-background-dim-100 has-background-dim\"><\/span><div class=\"wp-block-cover__inner-container\">\n<div class=\"is-layout-flow wp-block-group\"><div class=\"wp-block-group__inner-container\">\n<div style=\"height:80px\" aria-hidden=\"true\" class=\"wp-block-spacer\"><\/div>\n\n\n\n<div class=\"is-layout-flex wp-container-19 wp-block-columns are-vertically-aligned-center\">\n<div class=\"is-layout-flow wp-block-column is-vertically-aligned-center\" style=\"flex-basis:50%\">\n<h2 class=\"has-text-align-left has-neve-text-color-color has-text-color\">Labormessungen<\/h2>\n\n\n\n<p class=\"has-text-align-left has-neve-text-color-color has-text-color\" style=\"font-size:17px\">Mit unserem Str\u00f6mungslabor haben wir die M\u00f6glichkeit, Modelluntersuchungen bei str\u00f6mungstechnischen Fragestellungen durchzuf\u00fchren, um bereits vorab verschiedenste Parameter zu pr\u00fcfen.<\/p>\n\n\n\n<div class=\"is-horizontal is-content-justification-left is-layout-flex wp-container-11 wp-block-buttons\">\n<div class=\"wp-block-button is-style-primary\"><a class=\"wp-block-button__link wp-element-button\" href=\"https:\/\/irkb.de\/?page_id=367\">Mehr erfahren<\/a><\/div>\n<\/div>\n\n\n\n<div style=\"height:40px\" aria-hidden=\"true\" class=\"wp-block-spacer\"><\/div>\n<\/div>\n\n\n\n<div class=\"is-layout-flow wp-block-column is-vertically-aligned-center\" style=\"flex-basis:50%\">\n<div class=\"is-layout-flex wp-container-17 wp-block-columns\">\n<div class=\"is-layout-flow wp-block-column\" style=\"flex-basis:100%\">\n<div class=\"is-layout-flex wp-container-15 wp-block-columns\">\n<div class=\"is-layout-flow wp-block-column\">\n<figure class=\"wp-block-image size-full is-resized\"><img decoding=\"async\" src=\"https:\/\/irkb.de\/wp-content\/uploads\/2023\/01\/VierfachR_00.jpg\" alt=\"\" class=\"wp-image-729\" width=\"301\" height=\"600\" srcset=\"https:\/\/irkb.de\/wp-content\/uploads\/2023\/01\/VierfachR_00.jpg 301w, https:\/\/irkb.de\/wp-content\/uploads\/2023\/01\/VierfachR_00-151x300.jpg 151w\" sizes=\"(max-width: 301px) 100vw, 301px\" \/><\/figure>\n<\/div>\n\n\n\n<div class=\"is-layout-flow wp-block-column\">\n<figure class=\"wp-block-image size-full\"><img loading=\"lazy\" decoding=\"async\" width=\"259\" height=\"600\" src=\"https:\/\/irkb.de\/wp-content\/uploads\/2023\/01\/Fluegel_01sw.jpg\" alt=\"\" class=\"wp-image-730\" srcset=\"https:\/\/irkb.de\/wp-content\/uploads\/2023\/01\/Fluegel_01sw.jpg 259w, https:\/\/irkb.de\/wp-content\/uploads\/2023\/01\/Fluegel_01sw-130x300.jpg 130w\" sizes=\"(max-width: 259px) 100vw, 259px\" \/><\/figure>\n<\/div>\n<\/div>\n<\/div>\n<\/div>\n<\/div>\n<\/div>\n\n\n\n<div style=\"height:40px\" aria-hidden=\"true\" class=\"wp-block-spacer\"><\/div>\n<\/div><\/div>\n<\/div><\/div>\n\n\n\n<div class=\"wp-block-cover alignfull\"><span aria-hidden=\"true\" class=\"wp-block-cover__background has-nv-light-bg-background-color has-background-dim-100 has-background-dim\"><\/span><div class=\"wp-block-cover__inner-container\">\n<div class=\"is-layout-flow wp-block-group\"><div class=\"wp-block-group__inner-container\">\n<div style=\"height:80px\" aria-hidden=\"true\" class=\"wp-block-spacer\"><\/div>\n\n\n\n<div class=\"is-layout-flex wp-container-24 wp-block-columns are-vertically-aligned-center\">\n<div class=\"is-layout-flow wp-block-column is-vertically-aligned-center\" style=\"flex-basis:50%\">\n<figure class=\"wp-block-image size-full\"><img loading=\"lazy\" decoding=\"async\" width=\"600\" height=\"601\" src=\"https:\/\/irkb.de\/wp-content\/uploads\/2023\/01\/Mess_Ort.jpg\" alt=\"\" class=\"wp-image-719\" srcset=\"https:\/\/irkb.de\/wp-content\/uploads\/2023\/01\/Mess_Ort.jpg 600w, https:\/\/irkb.de\/wp-content\/uploads\/2023\/01\/Mess_Ort-300x300.jpg 300w, https:\/\/irkb.de\/wp-content\/uploads\/2023\/01\/Mess_Ort-150x150.jpg 150w\" sizes=\"(max-width: 600px) 100vw, 600px\" \/><\/figure>\n<\/div>\n\n\n\n<div class=\"is-layout-flow wp-block-column is-vertically-aligned-center\" style=\"flex-basis:50%\">\n<div style=\"height:20px\" aria-hidden=\"true\" class=\"wp-block-spacer\"><\/div>\n\n\n\n<h2 class=\"has-text-align-left has-neve-text-color-color has-text-color\">Messungen vor Ort<\/h2>\n\n\n\n<p class=\"has-text-align-left has-neve-text-color-color has-text-color\" style=\"font-size:17px\">Wir f\u00fchren Messungen vor Ort durch, um Messergebnisse unter realen Bedingungen zu erhalten. Bei Bedarf k\u00f6nnen die Systeme auch durch kontinuierliche Datenaufzeichnungen als Langzeitmessungen eingerichtet werden.<\/p>\n\n\n\n<div class=\"is-horizontal is-content-justification-left is-layout-flex wp-container-22 wp-block-buttons\">\n<div class=\"wp-block-button is-style-primary\"><a class=\"wp-block-button__link wp-element-button\" href=\"https:\/\/irkb.de\/?page_id=368\">Mehr erfahren<\/a><\/div>\n<\/div>\n<\/div>\n<\/div>\n\n\n\n<div style=\"height:40px\" aria-hidden=\"true\" class=\"wp-block-spacer\"><\/div>\n<\/div><\/div>\n<\/div><\/div>\n\n\n\n<div class=\"wp-block-cover alignfull\"><span aria-hidden=\"true\" class=\"wp-block-cover__background has-nv-site-bg-background-color has-background-dim-100 has-background-dim\"><\/span><div class=\"wp-block-cover__inner-container\">\n<div class=\"is-layout-flow wp-block-group\"><div class=\"wp-block-group__inner-container\">\n<div style=\"height:80px\" aria-hidden=\"true\" class=\"wp-block-spacer\"><\/div>\n\n\n\n<div class=\"is-layout-flex wp-container-29 wp-block-columns are-vertically-aligned-center\">\n<div class=\"is-layout-flow wp-block-column is-vertically-aligned-center\" style=\"flex-basis:50%\">\n<h2 class=\"has-text-align-left has-neve-text-color-color has-text-color\">Ger\u00e4te-Vermietung<\/h2>\n\n\n\n<p class=\"has-text-align-left has-neve-text-color-color has-text-color\" style=\"font-size:17px\">Aus unserem Str\u00f6mungslabor k\u00f6nnen verschiedenste Ger\u00e4te auf Anfrage vermietet werden. Radialgebl\u00e4se, Pumpen und weitere Messger\u00e4te stehen dabei zur Verf\u00fcgung.<\/p>\n\n\n\n<div class=\"is-horizontal is-content-justification-left is-layout-flex wp-container-26 wp-block-buttons\">\n<div class=\"wp-block-button is-style-primary\"><a class=\"wp-block-button__link wp-element-button\" href=\"https:\/\/irkb.de\/?page_id=369\">Mehr erfahren<\/a><\/div>\n<\/div>\n\n\n\n<div style=\"height:40px\" aria-hidden=\"true\" class=\"wp-block-spacer\"><\/div>\n<\/div>\n\n\n\n<div class=\"is-layout-flow wp-block-column is-vertically-aligned-center\" style=\"flex-basis:50%\">\n<figure class=\"wp-block-image size-full\"><img loading=\"lazy\" decoding=\"async\" width=\"492\" height=\"600\" src=\"https:\/\/irkb.de\/wp-content\/uploads\/2023\/01\/Vario_01.jpg\" alt=\"\" class=\"wp-image-727\" srcset=\"https:\/\/irkb.de\/wp-content\/uploads\/2023\/01\/Vario_01.jpg 492w, https:\/\/irkb.de\/wp-content\/uploads\/2023\/01\/Vario_01-246x300.jpg 246w\" sizes=\"(max-width: 492px) 100vw, 492px\" \/><\/figure>\n<\/div>\n<\/div>\n\n\n\n<div style=\"height:40px\" aria-hidden=\"true\" class=\"wp-block-spacer\"><\/div>\n<\/div><\/div>\n<\/div><\/div>\n\n\n\n<div class=\"wp-block-cover alignfull\" style=\"min-height:600px\"><span aria-hidden=\"true\" class=\"wp-block-cover__background has-nv-dark-bg-background-color has-background-dim-100 has-background-dim\"><\/span><div class=\"wp-block-cover__inner-container\">\n<div class=\"is-layout-flow wp-block-group\"><div class=\"wp-block-group__inner-container\">\n<div style=\"height:80px\" aria-hidden=\"true\" class=\"wp-block-spacer\"><\/div>\n\n\n\n<div class=\"is-layout-flex wp-container-34 wp-block-columns are-vertically-aligned-center\">\n<div class=\"is-layout-flow wp-block-column is-vertically-aligned-center\" style=\"flex-basis:50%\">\n<figure class=\"wp-block-image size-full\"><img loading=\"lazy\" decoding=\"async\" width=\"600\" height=\"600\" src=\"https:\/\/irkb.de\/wp-content\/uploads\/2023\/01\/consulting-ge968d4aee_1920.jpg\" alt=\"\" class=\"wp-image-715\" srcset=\"https:\/\/irkb.de\/wp-content\/uploads\/2023\/01\/consulting-ge968d4aee_1920.jpg 600w, https:\/\/irkb.de\/wp-content\/uploads\/2023\/01\/consulting-ge968d4aee_1920-300x300.jpg 300w, https:\/\/irkb.de\/wp-content\/uploads\/2023\/01\/consulting-ge968d4aee_1920-150x150.jpg 150w\" sizes=\"(max-width: 600px) 100vw, 600px\" \/><\/figure>\n<\/div>\n\n\n\n<div class=\"is-layout-flow wp-block-column is-vertically-aligned-center\" style=\"flex-basis:50%\">\n<div style=\"height:40px\" aria-hidden=\"true\" class=\"wp-block-spacer\"><\/div>\n\n\n\n<h2 class=\"has-text-align-left has-nv-text-dark-bg-color has-text-color\">Professionalit\u00e4t durch Erfahrung<\/h2>\n\n\n\n<p class=\"has-text-align-left has-nv-text-dark-bg-color has-text-color\" style=\"font-size:17px\">Durch unsere jahrelange Erfahrung in den Bereichen der Verfahrens- und Str\u00f6mungstechnik sind wir Ihr perfekter Ansprechpartner.<\/p>\n\n\n\n<div class=\"is-horizontal is-content-justification-left is-layout-flex wp-container-32 wp-block-buttons\">\n<div class=\"wp-block-button is-style-primary\"><a class=\"wp-block-button__link wp-element-button\" href=\"https:\/\/irkb.de\/?page_id=313\">\u00dcber uns<\/a><\/div>\n<\/div>\n<\/div>\n<\/div>\n\n\n\n<div style=\"height:40px\" aria-hidden=\"true\" class=\"wp-block-spacer\"><\/div>\n<\/div><\/div>\n<\/div><\/div>\n\n\n\n<div style=\"height:40px\" aria-hidden=\"true\" class=\"wp-block-spacer\"><\/div>\n\n\n\n<div class=\"wp-block-cover alignfull\" style=\"min-height:300px\"><span aria-hidden=\"true\" class=\"wp-block-cover__background has-nv-dark-bg-background-color has-background-dim-100 has-background-dim\"><\/span><div class=\"wp-block-cover__inner-container\">\n<div style=\"height:140px\" aria-hidden=\"true\" class=\"wp-block-spacer\"><\/div>\n\n\n\n<h2 class=\"has-text-align-center has-nv-text-dark-bg-color has-text-color\">Treten Sie mit uns in Kontakt<\/h2>\n\n\n\n<p class=\"has-text-align-center has-medium-font-size\">Sicherlich finden wir auch f\u00fcr Sie eine geeignete L\u00f6sung f\u00fcr Ihre Problemstellungen.<br>Lassen Sie sich von der Qualit\u00e4t unserer professionellen Dienstleistungen \u00fcberzeugen.<\/p>\n\n\n\n<div class=\"is-horizontal is-content-justification-center is-layout-flex wp-container-36 wp-block-buttons\">\n<div class=\"wp-block-button is-style-primary\"><a class=\"wp-block-button__link wp-element-button\" href=\"https:\/\/irkb.de\/?page_id=319\">Kontakt aufneHmen<\/a><\/div>\n<\/div>\n\n\n\n<div style=\"height:140px\" aria-hidden=\"true\" class=\"wp-block-spacer\"><\/div>\n<\/div><\/div>\n","protected":false},"excerpt":{"rendered":"<p>Professionelle Unterst\u00fctzung Dank jahrelanger Erfahrung k\u00f6nnen wir auf ein breites Wissen in der Forschung und Entwicklung zur\u00fcckgreifen, um Sie bei Ihren Projekten zu unterst\u00fctzen. Modellversuche Dank unseres Str\u00f6mungslabors k\u00f6nnen wir Sie bereits im Vorfeld bei Ihren Anliegen beraten, um anlagenspezifische Parameter zu \u00fcberpr\u00fcfen. Verschiedene Komponenten Wir untersuchen verschiedenste Komponenten wie Elektrofilter, Absorber, Katalysatoren, etc. im&hellip;&nbsp;<a href=\"https:\/\/irkb.de\/\" rel=\"bookmark\">Weiterlesen &raquo;<span class=\"screen-reader-text\">Home<\/span><\/a><\/p>\n","protected":false},"author":1,"featured_media":0,"parent":0,"menu_order":0,"comment_status":"closed","ping_status":"closed","template":"","meta":{"neve_meta_sidebar":"default","neve_meta_container":"default","neve_meta_enable_content_width":"on","neve_meta_content_width":100,"neve_meta_title_alignment":"","neve_meta_author_avatar":"","neve_post_elements_order":"","neve_meta_disable_header":"","neve_meta_disable_footer":"","neve_meta_disable_title":"on"},"_links":{"self":[{"href":"https:\/\/irkb.de\/index.php?rest_route=\/wp\/v2\/pages\/307"}],"collection":[{"href":"https:\/\/irkb.de\/index.php?rest_route=\/wp\/v2\/pages"}],"about":[{"href":"https:\/\/irkb.de\/index.php?rest_route=\/wp\/v2\/types\/page"}],"author":[{"embeddable":true,"href":"https:\/\/irkb.de\/index.php?rest_route=\/wp\/v2\/users\/1"}],"replies":[{"embeddable":true,"href":"https:\/\/irkb.de\/index.php?rest_route=%2Fwp%2Fv2%2Fcomments&post=307"}],"version-history":[{"count":65,"href":"https:\/\/irkb.de\/index.php?rest_route=\/wp\/v2\/pages\/307\/revisions"}],"predecessor-version":[{"id":733,"href":"https:\/\/irkb.de\/index.php?rest_route=\/wp\/v2\/pages\/307\/revisions\/733"}],"wp:attachment":[{"href":"https:\/\/irkb.de\/index.php?rest_route=%2Fwp%2Fv2%2Fmedia&parent=307"}],"curies":[{"name":"wp","href":"https:\/\/api.w.org\/{rel}","templated":true}]}}